{"id":1319,"date":"2020-12-23T11:20:25","date_gmt":"2020-12-23T11:20:25","guid":{"rendered":"http:\/\/cesvak.org\/mevlut-cenker-mirzaoglu\/"},"modified":"2021-03-12T11:04:07","modified_gmt":"2021-03-12T11:04:07","slug":"mevlut-cenker-mirzaoglu-en","status":"publish","type":"page","link":"https:\/\/cesvak.org\/mevlut-cenker-mirzaoglu-en\/?lang=en","title":{"rendered":"Mevl\u00fct Cenker M\u0130RZAO\u011eLU"},"content":{"rendered":"<div  class=\"tatsu-gnd12dda8o3upg1i tatsu-section  tatsu-section-custom-height tatsu-bg-overlay tatsu-hide-0 tatsu-hide-mobile   tatsu-clearfix\" data-title=\"\"  data-headerscheme=\"background--dark\"><div class = \"tatsu-custom-height-wrap\"><div class='tatsu-section-pad clearfix' data-padding='{\"d\":\"90px 0px 90px 0px\"}' data-padding-top='90px'><div class=\"tatsu-row-wrap  tatsu-wrap tatsu-row-one-col tatsu-row-has-one-cols tatsu-medium-gutter tatsu-reg-cols  tatsu-clearfix tatsu-gnd12ddab95o9usi\" ><div  class=\"tatsu-row \" ><div  class=\"tatsu-column  tatsu-column-no-bg tatsu-column-empty tatsu-one-col tatsu-column-image-none tatsu-column-effect-none  tatsu-gnd12ddaemg00qua\"  data-parallax-speed=\"0\" style=\"\"><div class=\"tatsu-column-inner \" ><div class=\"tatsu-column-pad-wrap\"><div class=\"tatsu-column-pad\" ><\/div><\/div><div class = \"tatsu-column-bg-image-wrap\"><div class = \"tatsu-column-bg-image\" ><\/div><\/div><\/div><style>.tatsu-row > .tatsu-gnd12ddaemg00qua.tatsu-column{width: 100%;}.tatsu-gnd12ddaemg00qua.tatsu-column > .tatsu-column-inner > .tatsu-column-overlay{mix-blend-mode: none;}.tatsu-gnd12ddaemg00qua > .tatsu-column-inner > .tatsu-top-divider{z-index: 9999;}.tatsu-gnd12ddaemg00qua > .tatsu-column-inner > .tatsu-bottom-divider{z-index: 9999;}.tatsu-gnd12ddaemg00qua > .tatsu-column-inner > .tatsu-left-divider{z-index: 9999;}.tatsu-gnd12ddaemg00qua > .tatsu-column-inner > .tatsu-right-divider{z-index: 9999;}<\/style><\/div><\/div><\/div><\/div><div class=\"tatsu-section-background-wrap\"><div class = \"tatsu-section-background\" ><\/div><\/div><div class=\"tatsu-overlay tatsu-section-overlay\"><\/div><\/div><style>.tatsu-gnd12dda8o3upg1i.tatsu-section{background-color: rgba(0,0,0,1);}.tatsu-gnd12dda8o3upg1i .tatsu-section-background{background-image: url(https:\/\/cesvak.org\/wp-content\/uploads\/2021\/02\/YKbanner.jpg);background-repeat: no-repeat;background-attachment: scroll;background-position: top left;background-size: cover;}.tatsu-gnd12dda8o3upg1i .tatsu-bg-blur{background-repeat: no-repeat;background-attachment: scroll;background-position: top left;background-size: cover;}.tatsu-gnd12dda8o3upg1i .tatsu-section-pad{padding: 90px 0px 90px 0px;}.tatsu-gnd12dda8o3upg1i > .tatsu-bottom-divider{z-index: 9999;}.tatsu-gnd12dda8o3upg1i > .tatsu-top-divider{z-index: 9999;}.tatsu-gnd12dda8o3upg1i .tatsu-section-overlay{background: rgba(0,0,0,0.4);mix-blend-mode: normal;}.tatsu-gnd12dda8o3upg1i .tatsu-custom-height-wrap{align-items: center;min-height: 60vh;}<\/style><\/div><div  class=\"tatsu-GqvWa2xj3g tatsu-section  tatsu-bg-overlay   tatsu-clearfix\" data-title=\"\"  data-headerscheme=\"background--dark\"><div class='tatsu-section-pad clearfix' data-padding='{\"d\":\"0px 0px 0px 0px\"}' data-padding-top='0px'><div class=\"tatsu-row-wrap  tatsu-row-full-width tatsu-row-one-col tatsu-row-has-one-cols tatsu-medium-gutter tatsu-reg-cols  tatsu-clearfix tatsu--ZNg765WNf\" ><div  class=\"tatsu-row \" ><div  class=\"tatsu-column  tatsu-bg-overlay tatsu-one-col tatsu-column-image-none tatsu-column-effect-none  tatsu--TrVFNkqZ\"  data-parallax-speed=\"0\" style=\"\"><div class=\"tatsu-column-inner \" ><div class=\"tatsu-column-pad-wrap\"><div class=\"tatsu-column-pad\" ><div  class=\"tatsu-single-image tatsu-module tatsu-image-lazyload tatsu-external-image tatsu-UV6_Dhhy2   tatsu-hide-tablet tatsu-hide-laptop tatsu-hide-desktop\" ><div class=\"tatsu-single-image-inner \" style=\"\" ><div class = \"tatsu-single-image-padding-wrap\" style = \"\" ><\/div><a href = \"https:\/\/www.isikkent.k12.tr\/\" target = \"_blank\" ><img class = \"tatsu-gradient-border\" data-src = \"http:\/\/cesvak.org\/wp-content\/uploads\/2021\/03\/YKbanner.jpg\" \/><\/a><\/div><style>.tatsu-UV6_Dhhy2 .tatsu-single-image-inner{max-width: 100%;}.tatsu-UV6_Dhhy2.tatsu-single-image{transform: translate3d(0px,0px, 0);}<\/style><\/div><\/div><\/div><div class = \"tatsu-column-bg-image-wrap\"><div class = \"tatsu-column-bg-image\" ><\/div><\/div><div class=\"tatsu-overlay tatsu-column-overlay tatsu-animate-none\" ><\/div><\/div><style>.tatsu-row > .tatsu--TrVFNkqZ.tatsu-column{width: 100%;}.tatsu--TrVFNkqZ.tatsu-column > .tatsu-column-inner > .tatsu-column-overlay{mix-blend-mode: normal;}.tatsu--TrVFNkqZ > .tatsu-column-inner > .tatsu-top-divider{z-index: 9999;}.tatsu--TrVFNkqZ > .tatsu-column-inner > .tatsu-bottom-divider{z-index: 9999;}.tatsu--TrVFNkqZ > .tatsu-column-inner > .tatsu-left-divider{z-index: 9999;}.tatsu--TrVFNkqZ > .tatsu-column-inner > .tatsu-right-divider{z-index: 9999;}@media only screen and (max-width:1377px) {.tatsu-row > .tatsu--TrVFNkqZ.tatsu-column{width: 100%;}}@media only screen and (min-width:768px) and (max-width: 1024px) {.tatsu-row > .tatsu--TrVFNkqZ.tatsu-column{width: 100%;}}@media only screen and (max-width: 767px) {.tatsu-row > .tatsu--TrVFNkqZ.tatsu-column{width: 100%;}}<\/style><\/div><\/div><\/div><\/div><div class=\"tatsu-section-background-wrap\"><div class = \"tatsu-section-background\" ><\/div><\/div><div class=\"tatsu-overlay tatsu-section-overlay\"><\/div><style>.tatsu-GqvWa2xj3g .tatsu-section-offset-wrap{transform: translateY(-0px);}.tatsu-GqvWa2xj3g > .tatsu-bottom-divider{z-index: 9999;}.tatsu-GqvWa2xj3g > .tatsu-top-divider{z-index: 9999;}.tatsu-GqvWa2xj3g .tatsu-section-overlay{mix-blend-mode: normal;}<\/style><\/div><div  class=\"tatsu-QpZqcXba8x tatsu-section  tatsu-bg-overlay   tatsu-clearfix\" data-title=\"\"  data-headerscheme=\"background--dark\"><div class='tatsu-section-pad clearfix' data-padding='{\"d\":\"90px 0px 90px 0px\"}' data-padding-top='90px'><div class=\"tatsu-row-wrap  tatsu-wrap tatsu-row-one-col tatsu-row-has-one-cols tatsu-medium-gutter tatsu-reg-cols  tatsu-clearfix tatsu-jssDnua981\" ><div  class=\"tatsu-row \" ><div  class=\"tatsu-column  tatsu-bg-overlay tatsu-one-col tatsu-column-image-none tatsu-column-effect-none  tatsu-sBjWMYWn5\"  data-parallax-speed=\"0\" style=\"\"><div class=\"tatsu-column-inner \" ><div class=\"tatsu-column-pad-wrap\"><div class=\"tatsu-column-pad\" ><div  class=\"tatsu-module tatsu-text-block-wrap tatsu-JjZ_fj3wS  \"><div class=\"tatsu-text-inner tatsu-align-center  clearfix\" ><style>.tatsu-JjZ_fj3wS.tatsu-text-block-wrap .tatsu-text-inner{width: 100%;text-align: left;}<\/style>\n<p><strong><u>Mevl\u00fct Cenker M\u0130RZAO\u011eLU<\/u><\/strong><\/p>\n<p>After graduating from Adana Anadolu High School, he completed an undergraduate degree at Istanbul Technical University, Faculty of Engineering, Department of Metallurgical and Materials Engineering in 1996. He started his career as a Strategy and Business Development Specialist in 1997 at Sabanc\u0131 Holding BetonSA. Then, he served as a Strategy and Planning Specialist at Ak\u00e7anSA and Sabanc\u0131 Holding. He worked in R&#038;D and sales at \u00c7imSA between 2001 -2011; then, he worked as a manager at \u00c7imSA Cement Free Zone &#038; Adriatico Srl. Between 2011 and 2015, he worked as the Vice General Manager and the General Manager of the Sales Department at Cementir Holding S.p.A &#8211; \u00c7imenta\u015f Group. Then, he started working as the General Manager of \u00c7\u0130MKO \u00c7imento ve Beton San. Tic. Inc. in 2015 and two years later, he was assigned as the CEO and Board Member of the company. He still serves as the CEO and Board Member of Cementir Holding S.p.A &#8211; \u00c7imenta\u015f Group. Mirzao\u011flu is a board member at TCMB and CEIS and also serves as the Board Treasurer at TCMB. He is married with two children.<\/p>\n<\/div><\/div><div  class=\"tatsu-module tatsu-normal-button tatsu-button-wrap   tatsu-V_CExE9jt   \"><a class=\"tatsu-shortcode mediumbtn tatsu-button left-icon circular   bg-animation-none  \" href=\"\/boards-of-directors\/?lang=en\" style= \"\"  aria-label=\"BOARD OF DIRECTORS\" data-gdpr-atts={} >BOARD OF DIRECTORS<\/a><style>.tatsu-V_CExE9jt .tatsu-button{background-color: rgba(167,19,81,1);color: #ffffff ;}.tatsu-V_CExE9jt .tatsu-button:hover{background-color: rgba(33,33,33,1);color: rgba(255,255,255,1) ;}<\/style><\/div><\/div><\/div><div class = \"tatsu-column-bg-image-wrap\"><div class = \"tatsu-column-bg-image\" ><\/div><\/div><div class=\"tatsu-overlay tatsu-column-overlay tatsu-animate-none\" ><\/div><\/div><style>.tatsu-row > .tatsu-sBjWMYWn5.tatsu-column{width: 100%;}.tatsu-sBjWMYWn5.tatsu-column > .tatsu-column-inner > .tatsu-column-overlay{mix-blend-mode: normal;}.tatsu-sBjWMYWn5 > .tatsu-column-inner > .tatsu-top-divider{z-index: 9999;}.tatsu-sBjWMYWn5 > .tatsu-column-inner > .tatsu-bottom-divider{z-index: 9999;}.tatsu-sBjWMYWn5 > .tatsu-column-inner > .tatsu-left-divider{z-index: 9999;}.tatsu-sBjWMYWn5 > .tatsu-column-inner > .tatsu-right-divider{z-index: 9999;}@media only screen and (max-width:1377px) {.tatsu-row > .tatsu-sBjWMYWn5.tatsu-column{width: 100%;}}@media only screen and (min-width:768px) and (max-width: 1024px) {.tatsu-row > .tatsu-sBjWMYWn5.tatsu-column{width: 100%;}}@media only screen and (max-width: 767px) {.tatsu-row > .tatsu-sBjWMYWn5.tatsu-column{width: 100%;}}<\/style><\/div><\/div><\/div><\/div><div class=\"tatsu-section-background-wrap\"><div class = \"tatsu-section-background\" ><\/div><\/div><div class=\"tatsu-overlay tatsu-section-overlay\"><\/div><style>.tatsu-QpZqcXba8x .tatsu-section-pad{padding: 90px 0px 90px 0px;}.tatsu-QpZqcXba8x .tatsu-section-offset-wrap{transform: translateY(-0px);}.tatsu-QpZqcXba8x > .tatsu-bottom-divider{z-index: 9999;}.tatsu-QpZqcXba8x > .tatsu-top-divider{z-index: 9999;}.tatsu-QpZqcXba8x .tatsu-section-overlay{mix-blend-mode: normal;}<\/style><\/div><div  class=\"tatsu-gohbst71b364gwp5 tatsu-section  tatsu-bg-overlay   tatsu-clearfix\" data-title=\"\"  data-headerscheme=\"background--dark\"><div class='tatsu-section-pad clearfix' data-padding='{\"d\":\"15px 0px 15px 0px\"}' data-padding-top='15px'><div class=\"tatsu-row-wrap  tatsu-wrap tatsu-row-one-col tatsu-row-has-one-cols tatsu-medium-gutter tatsu-reg-cols  tatsu-clearfix tatsu-gohbst71ec160y0k\" ><div  class=\"tatsu-row \" ><div  class=\"tatsu-column  tatsu-bg-overlay tatsu-one-col tatsu-column-image-none tatsu-column-effect-none  tatsu-gohbst71g42waf92\"  data-parallax-speed=\"0\" style=\"\"><div class=\"tatsu-column-inner \" ><div class=\"tatsu-column-pad-wrap\"><div class=\"tatsu-column-pad\" ><div  class=\"tatsu-module tatsu-text-block-wrap tatsu-gohbst71hmadqcin  \"><div class=\"tatsu-text-inner tatsu-align-center  clearfix\" ><style>.tatsu-gohbst71hmadqcin.tatsu-text-block-wrap .tatsu-text-inner{width: 100%;text-align: left;}<\/style><\/div><\/div><\/div><\/div><div class = \"tatsu-column-bg-image-wrap\"><div class = \"tatsu-column-bg-image\" ><\/div><\/div><div class=\"tatsu-overlay tatsu-column-overlay tatsu-animate-none\" ><\/div><\/div><style>.tatsu-row > .tatsu-gohbst71g42waf92.tatsu-column{width: 100%;}.tatsu-gohbst71g42waf92.tatsu-column > .tatsu-column-inner > .tatsu-column-overlay{mix-blend-mode: normal;}.tatsu-gohbst71g42waf92 > .tatsu-column-inner > .tatsu-top-divider{z-index: 9999;}.tatsu-gohbst71g42waf92 > .tatsu-column-inner > .tatsu-bottom-divider{z-index: 9999;}.tatsu-gohbst71g42waf92 > .tatsu-column-inner > .tatsu-left-divider{z-index: 9999;}.tatsu-gohbst71g42waf92 > .tatsu-column-inner > .tatsu-right-divider{z-index: 9999;}<\/style><\/div><\/div><\/div><\/div><div class=\"tatsu-section-background-wrap\"><div class = \"tatsu-section-background\" ><\/div><\/div><div class=\"tatsu-overlay tatsu-section-overlay\"><\/div><style>.tatsu-gohbst71b364gwp5 .tatsu-section-pad{padding: 15px 0px 15px 0px;}.tatsu-gohbst71b364gwp5 > .tatsu-bottom-divider{z-index: 9999;}.tatsu-gohbst71b364gwp5 > .tatsu-top-divider{z-index: 9999;}.tatsu-gohbst71b364gwp5 .tatsu-section-overlay{mix-blend-mode: normal;}<\/style><\/div>\n","protected":false},"excerpt":{"rendered":"<p><a href=\"https:\/\/cesvak.org\/mevlut-cenker-mirzaoglu-en\/?lang=en\" class=\"more-link style1-button\">Read More<\/a><\/p>","protected":false},"author":1,"featured_media":0,"parent":0,"menu_order":0,"comment_status":"closed","ping_status":"closed","template":"","meta":{"footnotes":""},"rttpg_featured_image_url":null,"rttpg_author":{"display_name":"admin","author_link":"https:\/\/cesvak.org\/author\/admin\/"},"rttpg_comment":0,"rttpg_category":null,"rttpg_excerpt":null,"_links":{"self":[{"href":"https:\/\/cesvak.org\/wp-json\/wp\/v2\/pages\/1319"}],"collection":[{"href":"https:\/\/cesvak.org\/wp-json\/wp\/v2\/pages"}],"about":[{"href":"https:\/\/cesvak.org\/wp-json\/wp\/v2\/types\/page"}],"author":[{"embeddable":true,"href":"https:\/\/cesvak.org\/wp-json\/wp\/v2\/users\/1"}],"replies":[{"embeddable":true,"href":"https:\/\/cesvak.org\/wp-json\/wp\/v2\/comments?post=1319"}],"version-history":[{"count":2,"href":"https:\/\/cesvak.org\/wp-json\/wp\/v2\/pages\/1319\/revisions"}],"predecessor-version":[{"id":2033,"href":"https:\/\/cesvak.org\/wp-json\/wp\/v2\/pages\/1319\/revisions\/2033"}],"wp:attachment":[{"href":"https:\/\/cesvak.org\/wp-json\/wp\/v2\/media?parent=1319"}],"curies":[{"name":"wp","href":"https:\/\/api.w.org\/{rel}","templated":true}]}}